{"id":3127,"date":"2020-08-04T15:45:54","date_gmt":"2020-08-04T13:45:54","guid":{"rendered":"https:\/\/kapp-process.com\/?page_id=3127"},"modified":"2020-08-04T15:51:31","modified_gmt":"2020-08-04T13:51:31","slug":"legal-mention","status":"publish","type":"page","link":"https:\/\/kapp-process.com\/?page_id=3127","title":{"rendered":"Legal mention"},"content":{"rendered":"\t\t<div data-elementor-type=\"wp-page\" data-elementor-id=\"3127\" class=\"elementor elementor-3127\" data-elementor-post-type=\"page\">\n\t\t\t\t\t\t<section class=\"elementor-section elementor-top-section elementor-element elementor-element-32d2a9e0 elementor-section-boxed elementor-section-height-default elementor-section-height-default\" data-id=\"32d2a9e0\" data-element_type=\"section\">\n\t\t\t\t\t\t<div class=\"elementor-container elementor-column-gap-default\">\n\t\t\t\t\t<div class=\"elementor-column elementor-col-100 elementor-top-column elementor-element elementor-element-50ec6a98\" data-id=\"50ec6a98\" data-element_type=\"column\">\n\t\t\t<div class=\"elementor-widget-wrap elementor-element-populated\">\n\t\t\t\t\t\t<div class=\"elementor-element elementor-element-5603c47 elementor-widget elementor-widget-text-editor\" data-id=\"5603c47\" data-element_type=\"widget\" data-widget_type=\"text-editor.default\">\n\t\t\t\t<div class=\"elementor-widget-container\">\n\t\t\t\t\t\t\t\t\t\n<p class=\"p1\"><span class=\"s1\">Merci de lire attentivement les diff\u00e9rentes modalit\u00e9s d\u2019utilisation du pr\u00e9sent site avant d\u2019y parcourir ses pages. En vous connectant sur ce site, vous acceptez sans r\u00e9serves les pr\u00e9sentes modalit\u00e9s. Aussi, conform\u00e9ment \u00e0 l\u2019article n\u00b06 de la Loi n\u00b02004-575 du 21 Juin 2004 pour la confiance dans l\u2019\u00e9conomie num\u00e9rique, les responsables du pr\u00e9sent site internet\u00a0<a href=\"https:\/\/https\/\/groupe-gmd.com\/\"><span class=\"s2\">kapp-process.com<\/span><\/a><\/span><span class=\"s3\">\u00a0sont :<\/span><\/p>\n<p class=\"p2\"><span class=\"s3\"><b>Editeur du Site :<\/b><\/span><\/p>\n<p class=\"p4\"><span class=\"s4\"><a href=\"https:\/\/https\/\/groupe-gmd.com\/\">KAPP PROCESS<\/a><\/span><\/p>\n<p class=\"p5\"><span class=\"s1\">Num\u00e9ro de SIRET : <\/span><span class=\"s6\">79867305900035<\/span><\/p>\n<p class=\"p6\"><span class=\"s1\">Directeur de Publication : M. Christophe PRISON<\/span><\/p>\n<p class=\"p7\"><span class=\"s4\"><a>KAPP, AV MARCEL MERIEUX 69530 BRIGNAIS<\/a><\/span><\/p>\n<p class=\"p8\"><span class=\"s9\">T\u00e9l\u00e9phone : <\/span><span class=\"s3\">+33(0)4 78 05 68 68<\/span><\/p>\n<p class=\"p9\"><span class=\"s1\">Capital Social : <\/span><span class=\"s10\">350 000\u20ac<\/span><\/p>\n<p class=\"p9\"><span class=\"s1\">TVA intracommunautaire : FR73798673059<\/span><\/p>\n<p class=\"p10\"><span class=\"s11\">Email : <\/span><span class=\"s3\">contact@kapp-process.com<\/span><\/p>\n<p class=\"p11\"><span class=\"s12\">Site Web :\u00a0<a href=\"https:\/\/https\/\/groupe-gmd.com\/\"><span class=\"s13\">kapp-process.com<\/span><\/a><\/span><\/p>\n<p class=\"p12\"><span class=\"s3\"><b>H\u00e9bergement :<\/b><\/span><\/p>\n<p class=\"p14\"><span class=\"s1\">OVH<\/span><\/p>\n<p class=\"p14\"><span class=\"s1\">2 RUE KELLERMANN, 59100 ROUBAIX<\/span><\/p>\n<p class=\"p14\"><span class=\"s1\">T\u00e9l : 1007<\/span><\/p>\n<p class=\"p14\"><span class=\"s1\">Site Web :\u00a0<a href=\"https:\/\/www.ovh.com\/\"><span class=\"s13\">www.ovh.com<\/span><\/a><\/span><\/p>\n<p class=\"p12\"><span class=\"s3\"><b>D\u00e9veloppement\u00a0:<\/b><\/span><\/p>\n<p class=\"p14\"><span class=\"s1\">Studio Bouquet<\/span><\/p>\n<p class=\"p14\"><span class=\"s1\">47 rue Basse des Rives, 42100 SAINT-ETIENNE<\/span><\/p>\n<p class=\"p11\"><span class=\"s12\">Site Web :\u00a0<a href=\"https:\/\/www.srbvideo.com\/\"><span class=\"s13\">www.srbvideo.com<\/span><\/a><\/span><\/p>\n<p class=\"p12\"><span class=\"s3\"><b>Conditions d\u2019utilisation :<\/b><\/span><\/p>\n<p class=\"p14\"><span class=\"s1\">Ce site (<a href=\"https:\/\/https\/\/groupe-gmd.com\/\"><span class=\"s13\">kapp-process.com<\/span><\/a>) est propos\u00e9 en diff\u00e9rents langages web (HTML, HTML5, Javascript, CSS, etc\u2026). Pour un meilleur confort d\u2019utilisation et un graphisme plus agr\u00e9able, nous vous recommandons de recourir \u00e0 des navigateurs modernes comme Internet explorer, Safari, Firefox, Google Chrome, etc\u2026<\/span><\/p>\n<p class=\"p15\"><span class=\"s14\">kapp-process <\/span><span class=\"s3\">met en \u0153uvre tous les moyens dont il dispose, pour assurer des informations et une mise \u00e0 jour fiables de son site internet. Toutefois, des erreurs ou omissions peuvent survenir. Pour assurer l\u2019exactitude des informations, l\u2019internaute devra signaler toutes modifications qu\u2019il jugerait utile.<\/span><\/p>\n<p class=\"p15\"><span class=\"s3\">kapp-process n\u2019est en aucun cas responsable de l\u2019utilisation faite de ces informations, et de tout pr\u00e9judice direct ou indirect pouvant en d\u00e9couler.<\/span><\/p>\n<p class=\"p15\"><span class=\"s3\"><b>Cookies<\/b>\u00a0:<\/span><\/p>\n<p class=\"p15\"><span class=\"s3\">Le site\u00a0<a href=\"https:\/\/https\/\/groupe-gmd.com\/\"><span class=\"s15\">kapp-process.com<\/span><\/a>\u00a0peut-\u00eatre amen\u00e9 \u00e0 vous demander l\u2019acceptation des cookies pour des besoins de statistiques et d\u2019affichage. Un cookies est une information d\u00e9pos\u00e9e sur votre disque dur par le serveur du site que vous visitez. Il contient plusieurs donn\u00e9es qui sont stock\u00e9es sur votre ordinateur dans un simple fichier texte auquel un serveur acc\u00e8de pour lire et enregistrer des informations . Certaines parties de ce site ne peuvent \u00eatre fonctionnelles sans l\u2019acceptation de cookies.<\/span><\/p>\n<p class=\"p15\"><span class=\"s3\"><b>Liens hypertextes :<\/b><\/span><\/p>\n<p class=\"p15\"><span class=\"s3\">Le site internet peut offrir des liens vers d\u2019autres sites internet ou d\u2019autres ressources disponibles sur Internet. Kapp-process ne dispose d\u2019aucun moyen pour contr\u00f4ler les sites en connexion avec son site internet. Kapp-process ne r\u00e9pond pas de la disponibilit\u00e9 de tels sites et sources externes, ni ne la garantit. Il ne peut \u00eatre tenu pour responsable de tout dommage, de quelque nature que ce soit, r\u00e9sultant du contenu de ces sites ou sources externes, et notamment des informations, produits ou services qu\u2019ils proposent, ou de tout usage qui peut \u00eatre fait de ces \u00e9l\u00e9ments. Les risques li\u00e9s \u00e0 cette utilisation incombent pleinement \u00e0 l\u2019internaute, qui doit se conformer \u00e0 leurs conditions d\u2019utilisation.<\/span><\/p>\n<p class=\"p15\"><span class=\"s3\">Les utilisateurs, les abonn\u00e9s et les visiteurs du site internet ne peuvent mettre en place un lien hypertexte en direction de ce site sans l\u2019autorisation expresse et pr\u00e9alable de Kapp-process.<\/span><\/p>\n<p class=\"p15\"><span class=\"s3\">Dans l\u2019hypoth\u00e8se o\u00f9 un utilisateur ou visiteur souhaiterait mettre en place un lien hypertexte en direction du site internet de Kapp-process, il doit adresser une demande pr\u00e9alable \u00e0 Kapp-process se r\u00e9serve le droit d\u2019accepter ou de refuser sans avoir \u00e0 justifier sa d\u00e9cision.<\/span><\/p>\n<p class=\"p12\"><span class=\"s3\"><b>Services fournis :<\/b><\/span><\/p>\n<p class=\"p16\"><span class=\"s3\">L\u2019ensemble des activit\u00e9s de la soci\u00e9t\u00e9 ainsi que ses informations sont pr\u00e9sent\u00e9es sur notre site\u00a0<a href=\"https:\/\/https\/\/groupe-gmd.com\/\"><span class=\"s15\">kapp-process.com<\/span><\/a>.<\/span><\/p>\n<p class=\"p16\"><span class=\"s3\">Kapp-process s\u2019efforce de fournir sur son site des informations aussi pr\u00e9cises que possible. Les renseignements figurant sur le site ne sont pas exhaustifs et les photos non contractuelles. Ils sont donn\u00e9s sous r\u00e9serve de modifications ayant \u00e9t\u00e9 apport\u00e9es depuis leur mise en ligne. Par ailleurs, toutes les informations indiqu\u00e9es sur le site<\/span><span class=\"s12\"> <a href=\"https:\/\/groupe-gmd.com\/\"><span class=\"s16\">kapp-process.com<\/span><\/a><\/span><span class=\"s3\"><b>\u00a0<\/b>sont susceptibles de changer ou d\u2019\u00e9voluer sans pr\u00e9avis.<\/span><\/p>\n<p class=\"p15\"><span class=\"s3\">\u00a0<\/span><\/p>\n<p class=\"p12\"><span class=\"s3\"><b>Limitation contractuelle sur les donn\u00e9es :<\/b><\/span><\/p>\n<p class=\"p15\"><span class=\"s3\">Les informations contenues sur ce site sont aussi pr\u00e9cises que possible et le site remis \u00e0 jour \u00e0 diff\u00e9rentes p\u00e9riodes de l\u2019ann\u00e9e, mais peut toutefois contenir des inexactitudes ou des omissions. Si vous constatez une lacune, erreur ou ce qui parait \u00eatre un dysfonctionnement, merci de bien vouloir le signaler par email, \u00e0 l\u2019adresse<\/span><span class=\"s12\"> <a href=\"mailto:contact@groupe-gmd.fr\"><span class=\"s17\">contact@<\/span><\/a><a href=\"https:\/\/groupe-gmd.com\/\"><span class=\"s16\">kapp-process.com<\/span><\/a><\/span><span class=\"s3\">, en d\u00e9crivant le probl\u00e8me de la mani\u00e8re la plus pr\u00e9cise possible (page posant probl\u00e8me, type d\u2019ordinateur et de navigateur utilis\u00e9, \u2026).<\/span><\/p>\n<p class=\"p15\"><span class=\"s3\">Tout contenu t\u00e9l\u00e9charg\u00e9 se fait aux risques et p\u00e9rils de l\u2019utilisateur et sous sa seule responsabilit\u00e9. En cons\u00e9quence, Kapp-process ne saurait \u00eatre tenu responsable d\u2019un quelconque dommage subi par l\u2019ordinateur de l\u2019utilisateur ou d\u2019une quelconque perte de donn\u00e9es cons\u00e9cutives au t\u00e9l\u00e9chargement.\u00a0<\/span><span class=\"s14\">De plus, l\u2019utilisateur du site s\u2019engage \u00e0 acc\u00e9der au site en utilisant un mat\u00e9riel r\u00e9cent, ne contenant pas de virus et avec un navigateur de derni\u00e8re g\u00e9n\u00e9ration mis-\u00e0-jour<\/span><\/p>\n<p class=\"p12\"><span class=\"s3\"><b>Propri\u00e9t\u00e9 intellectuelle :<\/b><\/span><\/p>\n<p class=\"p15\"><span class=\"s3\">Tout le contenu du pr\u00e9sent site\u00a0<a href=\"https:\/\/https\/\/groupe-gmd.com\/\"><span class=\"s15\">kapp-process.com<\/span><\/a>, incluant, de fa\u00e7on non limitative, les graphismes, images, textes, vid\u00e9os, animations, sons, logos, gifs et ic\u00f4nes ainsi que leur mise en forme sont la propri\u00e9t\u00e9 exclusive de la soci\u00e9t\u00e9 \u00e0 l\u2019exception des marques, logos ou contenus appartenant \u00e0 d\u2019autres soci\u00e9t\u00e9s partenaires ou auteurs.<\/span><\/p>\n<p class=\"p15\"><span class=\"s3\">Toute reproduction, distribution, modification, adaptation, retransmission ou publication, m\u00eame partielle, de ces diff\u00e9rents \u00e9l\u00e9ments est strictement interdite sans l\u2019accord expr\u00e8s par \u00e9crit de Kapp-process. Cette repr\u00e9sentation ou reproduction, par quelque proc\u00e9d\u00e9 que ce soit, constitue une contrefa\u00e7on sanctionn\u00e9e par les articles L.335-2 et suivants du Code de la propri\u00e9t\u00e9 intellectuelle. Le non-respect de cette interdiction constitue une contrefa\u00e7on pouvant engager la responsabilit\u00e9 civile et p\u00e9nale du contrefacteur. En outre, les propri\u00e9taires des contenus copi\u00e9s pourraient intenter une action en justice \u00e0 votre encontre.<\/span><\/p>\n<p class=\"p12\"><span class=\"s3\"><b>Litiges :<\/b><\/span><\/p>\n<p class=\"p15\"><span class=\"s3\">Les pr\u00e9sentes conditions du site\u00a0<a href=\"https:\/\/https\/\/groupe-gmd.com\/\"><span class=\"s15\">kapp-process.com<\/span><\/a>\u00a0sont r\u00e9gies par les lois fran\u00e7aises et toute contestation ou litiges qui pourraient na\u00eetre de l\u2019interpr\u00e9tation ou de l\u2019ex\u00e9cution de celles-ci seront de la comp\u00e9tence exclusive des tribunaux dont d\u00e9pend le si\u00e8ge social de la soci\u00e9t\u00e9. La langue de r\u00e9f\u00e9rence, pour le r\u00e8glement de contentieux \u00e9ventuels, est le fran\u00e7ais.<\/span><\/p>\n<p class=\"p12\"><span class=\"s3\"><b>Donn\u00e9es personnelles :<\/b><\/span><\/p>\n<p class=\"p15\"><span class=\"s3\">De mani\u00e8re g\u00e9n\u00e9rale, vous n\u2019\u00eates pas tenu de nous communiquer vos donn\u00e9es personnelles lorsque vous visitez notre site Internet\u00a0<a href=\"https:\/\/https\/\/groupe-gmd.com\/\"><span class=\"s15\">kapp-process.com<\/span><\/a>.<\/span><\/p>\n<p class=\"p15\"><span class=\"s3\">Enfin, nous pouvons collecter de mani\u00e8re automatique certaines informations vous concernant lors d\u2019une simple navigation sur notre site Internet, notamment : des informations concernant l\u2019utilisation de notre site, comme les zones que vous visitez et les services auxquels vous acc\u00e9dez, votre adresse IP, le type de votre navigateur, vos temps d\u2019acc\u00e8s. De telles informations sont utilis\u00e9es exclusivement \u00e0 des fins de statistiques internes, de mani\u00e8re \u00e0 am\u00e9liorer la qualit\u00e9 des services qui vous sont propos\u00e9s. Les bases de donn\u00e9es sont prot\u00e9g\u00e9es par les dispositions de la loi du 1er juillet 1998 transposant la directive 96\/9 du 11 mars 1996 relative \u00e0 la protection juridique des bases de donn\u00e9es.<\/span><\/p>\n\t\t\t\t\t\t\t\t<\/div>\n\t\t\t\t<\/div>\n\t\t\t\t\t<\/div>\n\t\t<\/div>\n\t\t\t\t\t<\/div>\n\t\t<\/section>\n\t\t\t\t<section class=\"elementor-section elementor-top-section elementor-element elementor-element-5f969b26 elementor-section-stretched elementor-section-boxed elementor-section-height-default elementor-section-height-default\" data-id=\"5f969b26\" data-element_type=\"section\" id=\"consultation\" data-settings=\"{&quot;stretch_section&quot;:&quot;section-stretched&quot;,&quot;background_background&quot;:&quot;classic&quot;}\">\n\t\t\t\t\t\t\t<div class=\"elementor-background-overlay\"><\/div>\n\t\t\t\t\t\t\t<div class=\"elementor-container elementor-column-gap-wider\">\n\t\t\t\t\t<div class=\"elementor-column elementor-col-100 elementor-top-column elementor-element elementor-element-3f0b67a1\" data-id=\"3f0b67a1\" data-element_type=\"column\" data-settings=\"{&quot;background_background&quot;:&quot;classic&quot;}\">\n\t\t\t<div class=\"elementor-widget-wrap elementor-element-populated\">\n\t\t\t\t\t\t<div class=\"elementor-element elementor-element-df9932a elementor-widget elementor-widget-heading\" data-id=\"df9932a\" data-element_type=\"widget\" data-widget_type=\"heading.default\">\n\t\t\t\t<div class=\"elementor-widget-container\">\n\t\t\t\t\t<h2 class=\"elementor-heading-title elementor-size-default\">Do you need advice?<\/h2>\t\t\t\t<\/div>\n\t\t\t\t<\/div>\n\t\t\t\t<div class=\"elementor-element elementor-element-5c3a6c2b anchor-link elementor-align-center elementor-widget elementor-widget-button\" data-id=\"5c3a6c2b\" data-element_type=\"widget\" data-widget_type=\"button.default\">\n\t\t\t\t<div class=\"elementor-widget-container\">\n\t\t\t\t\t\t\t\t\t<div class=\"elementor-button-wrapper\">\n\t\t\t\t\t<a class=\"elementor-button elementor-button-link elementor-size-lg\" href=\"?page_id=1989\">\n\t\t\t\t\t\t<span class=\"elementor-button-content-wrapper\">\n\t\t\t\t\t\t<span class=\"elementor-button-icon\">\n\t\t\t\t<i aria-hidden=\"true\" class=\"fas fa-comments\"><\/i>\t\t\t<\/span>\n\t\t\t\t\t\t\t\t\t<span class=\"elementor-button-text\">Contact the team<\/span>\n\t\t\t\t\t<\/span>\n\t\t\t\t\t<\/a>\n\t\t\t\t<\/div>\n\t\t\t\t\t\t\t\t<\/div>\n\t\t\t\t<\/div>\n\t\t\t\t\t<\/div>\n\t\t<\/div>\n\t\t\t\t\t<\/div>\n\t\t<\/section>\n\t\t\t\t<section class=\"elementor-section elementor-top-section elementor-element elementor-element-75287a9d elementor-section-stretched elementor-section-boxed elementor-section-height-default elementor-section-height-default\" data-id=\"75287a9d\" data-element_type=\"section\" id=\"contact\" data-settings=\"{&quot;stretch_section&quot;:&quot;section-stretched&quot;,&quot;background_background&quot;:&quot;classic&quot;,&quot;shape_divider_top&quot;:&quot;arrow&quot;}\">\n\t\t\t\t\t<div class=\"elementor-shape elementor-shape-top\" aria-hidden=\"true\" data-negative=\"false\">\n\t\t\t<svg xmlns=\"http:\/\/www.w3.org\/2000\/svg\" viewBox=\"0 0 700 10\" preserveAspectRatio=\"none\">\n\t<path class=\"elementor-shape-fill\" d=\"M350,10L340,0h20L350,10z\"\/>\n<\/svg>\t\t<\/div>\n\t\t\t\t\t<div class=\"elementor-container elementor-column-gap-wider\">\n\t\t\t\t\t<div class=\"elementor-column elementor-col-100 elementor-top-column elementor-element elementor-element-129d93e3\" data-id=\"129d93e3\" data-element_type=\"column\" data-settings=\"{&quot;background_background&quot;:&quot;classic&quot;}\">\n\t\t\t<div class=\"elementor-widget-wrap elementor-element-populated\">\n\t\t\t\t\t\t<div class=\"elementor-element elementor-element-45593d8e elementor-widget elementor-widget-heading\" data-id=\"45593d8e\" data-element_type=\"widget\" data-widget_type=\"heading.default\">\n\t\t\t\t<div class=\"elementor-widget-container\">\n\t\t\t\t\t<h6 class=\"elementor-heading-title elementor-size-default\">Contact Information<\/h6>\t\t\t\t<\/div>\n\t\t\t\t<\/div>\n\t\t\t\t<div class=\"elementor-element elementor-element-e160c5c elementor-widget elementor-widget-heading\" data-id=\"e160c5c\" data-element_type=\"widget\" data-widget_type=\"heading.default\">\n\t\t\t\t<div class=\"elementor-widget-container\">\n\t\t\t\t\t<h2 class=\"elementor-heading-title elementor-size-default\">We are always available for your projects!<\/h2>\t\t\t\t<\/div>\n\t\t\t\t<\/div>\n\t\t\t\t<section class=\"elementor-section elementor-inner-section elementor-element elementor-element-10d722e9 elementor-section-boxed elementor-section-height-default elementor-section-height-default\" data-id=\"10d722e9\" data-element_type=\"section\">\n\t\t\t\t\t\t<div class=\"elementor-container elementor-column-gap-wider\">\n\t\t\t\t\t<div class=\"elementor-column elementor-col-33 elementor-inner-column elementor-element elementor-element-504721d\" data-id=\"504721d\" data-element_type=\"column\">\n\t\t\t<div class=\"elementor-widget-wrap elementor-element-populated\">\n\t\t\t\t\t\t<div class=\"elementor-element elementor-element-29dc228c elementor-view-default elementor-position-block-start elementor-mobile-position-block-start elementor-widget elementor-widget-icon-box\" data-id=\"29dc228c\" data-element_type=\"widget\" data-widget_type=\"icon-box.default\">\n\t\t\t\t<div class=\"elementor-widget-container\">\n\t\t\t\t\t\t\t<div class=\"elementor-icon-box-wrapper\">\n\n\t\t\t\t\t\t<div class=\"elementor-icon-box-icon\">\n\t\t\t\t<span  class=\"elementor-icon\">\n\t\t\t\t<i aria-hidden=\"true\" class=\" icomoon-the7-font-the7-map-03\"><\/i>\t\t\t\t<\/span>\n\t\t\t<\/div>\n\t\t\t\n\t\t\t\t\t\t<div class=\"elementor-icon-box-content\">\n\n\t\t\t\t\t\t\t\t\t<h4 class=\"elementor-icon-box-title\">\n\t\t\t\t\t\t<span  >\n\t\t\t\t\t\t\tOUR ADDRESS\t\t\t\t\t\t<\/span>\n\t\t\t\t\t<\/h4>\n\t\t\t\t\n\t\t\t\t\n\t\t\t<\/div>\n\t\t\t\n\t\t<\/div>\n\t\t\t\t\t\t<\/div>\n\t\t\t\t<\/div>\n\t\t\t\t<div class=\"elementor-element elementor-element-4dd88103 elementor-widget elementor-widget-text-editor\" data-id=\"4dd88103\" data-element_type=\"widget\" data-widget_type=\"text-editor.default\">\n\t\t\t\t<div class=\"elementor-widget-container\">\n\t\t\t\t\t\t\t\t\t<p>Avenue Marcel M\u00e9rieux<br \/>ZAC de Sacuny<br \/>69 530 &#8211; Brignais &#8211; France<\/p>\t\t\t\t\t\t\t\t<\/div>\n\t\t\t\t<\/div>\n\t\t\t\t\t<\/div>\n\t\t<\/div>\n\t\t\t\t<div class=\"elementor-column elementor-col-33 elementor-inner-column elementor-element elementor-element-fa7cdfc\" data-id=\"fa7cdfc\" data-element_type=\"column\">\n\t\t\t<div class=\"elementor-widget-wrap elementor-element-populated\">\n\t\t\t\t\t\t<div class=\"elementor-element elementor-element-1eba8c0f elementor-view-default elementor-position-block-start elementor-mobile-position-block-start elementor-widget elementor-widget-icon-box\" data-id=\"1eba8c0f\" data-element_type=\"widget\" data-widget_type=\"icon-box.default\">\n\t\t\t\t<div class=\"elementor-widget-container\">\n\t\t\t\t\t\t\t<div class=\"elementor-icon-box-wrapper\">\n\n\t\t\t\t\t\t<div class=\"elementor-icon-box-icon\">\n\t\t\t\t<span  class=\"elementor-icon\">\n\t\t\t\t<i aria-hidden=\"true\" class=\" icomoon-the7-font-the7-phone-06\"><\/i>\t\t\t\t<\/span>\n\t\t\t<\/div>\n\t\t\t\n\t\t\t\t\t\t<div class=\"elementor-icon-box-content\">\n\n\t\t\t\t\t\t\t\t\t<h4 class=\"elementor-icon-box-title\">\n\t\t\t\t\t\t<span  >\n\t\t\t\t\t\t\tCall us! \t\t\t\t\t\t<\/span>\n\t\t\t\t\t<\/h4>\n\t\t\t\t\n\t\t\t\t\n\t\t\t<\/div>\n\t\t\t\n\t\t<\/div>\n\t\t\t\t\t\t<\/div>\n\t\t\t\t<\/div>\n\t\t\t\t<div class=\"elementor-element elementor-element-157adc47 elementor-widget elementor-widget-text-editor\" data-id=\"157adc47\" data-element_type=\"widget\" data-widget_type=\"text-editor.default\">\n\t\t\t\t<div class=\"elementor-widget-container\">\n\t\t\t\t\t\t\t\t\t<p class=\"p1\"><span class=\"s1\">+33 (0)4 78 05 68 68<\/span><\/p>\t\t\t\t\t\t\t\t<\/div>\n\t\t\t\t<\/div>\n\t\t\t\t<div class=\"elementor-element elementor-element-66a9624b elementor-widget elementor-widget-text-editor\" data-id=\"66a9624b\" data-element_type=\"widget\" data-widget_type=\"text-editor.default\">\n\t\t\t\t<div class=\"elementor-widget-container\">\n\t\t\t\t\t\t\t\t\t<p class=\"p1\"><a href=\"?page_id=1989\">contact@kapp-process.com<\/a><\/p>\t\t\t\t\t\t\t\t<\/div>\n\t\t\t\t<\/div>\n\t\t\t\t\t<\/div>\n\t\t<\/div>\n\t\t\t\t<div class=\"elementor-column elementor-col-33 elementor-inner-column elementor-element elementor-element-6eff1171\" data-id=\"6eff1171\" data-element_type=\"column\">\n\t\t\t<div class=\"elementor-widget-wrap elementor-element-populated\">\n\t\t\t\t\t\t<div class=\"elementor-element elementor-element-1ebde92b elementor-view-default elementor-position-block-start elementor-mobile-position-block-start elementor-widget elementor-widget-icon-box\" data-id=\"1ebde92b\" data-element_type=\"widget\" data-widget_type=\"icon-box.default\">\n\t\t\t\t<div class=\"elementor-widget-container\">\n\t\t\t\t\t\t\t<div class=\"elementor-icon-box-wrapper\">\n\n\t\t\t\t\t\t<div class=\"elementor-icon-box-icon\">\n\t\t\t\t<span  class=\"elementor-icon\">\n\t\t\t\t<i aria-hidden=\"true\" class=\"fas fa-comments\"><\/i>\t\t\t\t<\/span>\n\t\t\t<\/div>\n\t\t\t\n\t\t\t\t\t\t<div class=\"elementor-icon-box-content\">\n\n\t\t\t\t\t\t\t\t\t<h4 class=\"elementor-icon-box-title\">\n\t\t\t\t\t\t<span  >\n\t\t\t\t\t\t\tFollow us !\t\t\t\t\t\t<\/span>\n\t\t\t\t\t<\/h4>\n\t\t\t\t\n\t\t\t\t\n\t\t\t<\/div>\n\t\t\t\n\t\t<\/div>\n\t\t\t\t\t\t<\/div>\n\t\t\t\t<\/div>\n\t\t\t\t<div class=\"elementor-element elementor-element-1986dc94 elementor-shape-rounded elementor-grid-0 e-grid-align-center elementor-widget elementor-widget-social-icons\" data-id=\"1986dc94\" data-element_type=\"widget\" data-widget_type=\"social-icons.default\">\n\t\t\t\t<div class=\"elementor-widget-container\">\n\t\t\t\t\t\t\t<div class=\"elementor-social-icons-wrapper elementor-grid\" role=\"list\">\n\t\t\t\t\t\t\t<span class=\"elementor-grid-item\" role=\"listitem\">\n\t\t\t\t\t<a class=\"elementor-icon elementor-social-icon elementor-social-icon-youtube elementor-animation-float elementor-repeater-item-81d5c2c\" href=\"https:\/\/www.youtube.com\/channel\/UCCyZl3vhMGAijXRo0n_60mg\" target=\"_blank\">\n\t\t\t\t\t\t<span class=\"elementor-screen-only\">Youtube<\/span>\n\t\t\t\t\t\t<i aria-hidden=\"true\" class=\"fab fa-youtube\"><\/i>\t\t\t\t\t<\/a>\n\t\t\t\t<\/span>\n\t\t\t\t\t\t\t<span class=\"elementor-grid-item\" role=\"listitem\">\n\t\t\t\t\t<a class=\"elementor-icon elementor-social-icon elementor-social-icon-linkedin elementor-animation-float elementor-repeater-item-5e61309\" href=\"https:\/\/fr.linkedin.com\/organization-guest\/company\/kapp-process?challengeId=AQGfQXydyOqquAAAAXNb5uhUkPM-1Wx16VfkeMOOPuHodAD9DuRyPqG5AUsetI9SJlf83snT1p21rgcGAcPDF1qTHptyFbwgdg&#038;submissionId=84394c14-107d-2216-99c3-77879d8aa45d\" target=\"_blank\">\n\t\t\t\t\t\t<span class=\"elementor-screen-only\">Linkedin<\/span>\n\t\t\t\t\t\t<i aria-hidden=\"true\" class=\"fab fa-linkedin\"><\/i>\t\t\t\t\t<\/a>\n\t\t\t\t<\/span>\n\t\t\t\t\t<\/div>\n\t\t\t\t\t\t<\/div>\n\t\t\t\t<\/div>\n\t\t\t\t\t<\/div>\n\t\t<\/div>\n\t\t\t\t\t<\/div>\n\t\t<\/section>\n\t\t\t\t\t<\/div>\n\t\t<\/div>\n\t\t\t\t\t<\/div>\n\t\t<\/section>\n\t\t\t\t<\/div>\n\t\t","protected":false},"excerpt":{"rendered":"<p>Merci de lire attentivement les diff\u00e9rentes modalit\u00e9s d\u2019utilisation du pr\u00e9sent site avant d\u2019y parcourir ses pages. En vous connectant sur ce site, vous acceptez sans r\u00e9serves les pr\u00e9sentes modalit\u00e9s. Aussi, conform\u00e9ment \u00e0 l\u2019article n\u00b06 de la Loi n\u00b02004-575 du 21 Juin 2004 pour la confiance dans l\u2019\u00e9conomie num\u00e9rique, les responsables du pr\u00e9sent site internet\u00a0kapp-process.com\u00a0sont :&hellip;<\/p>\n","protected":false},"author":3,"featured_media":0,"parent":0,"menu_order":0,"comment_status":"closed","ping_status":"open","template":"","meta":{"footnotes":""},"class_list":["post-3127","page","type-page","status-publish","hentry"],"_links":{"self":[{"href":"https:\/\/kapp-process.com\/index.php?rest_route=\/wp\/v2\/pages\/3127","targetHints":{"allow":["GET"]}}],"collection":[{"href":"https:\/\/kapp-process.com\/index.php?rest_route=\/wp\/v2\/pages"}],"about":[{"href":"https:\/\/kapp-process.com\/index.php?rest_route=\/wp\/v2\/types\/page"}],"author":[{"embeddable":true,"href":"https:\/\/kapp-process.com\/index.php?rest_route=\/wp\/v2\/users\/3"}],"replies":[{"embeddable":true,"href":"https:\/\/kapp-process.com\/index.php?rest_route=%2Fwp%2Fv2%2Fcomments&post=3127"}],"version-history":[{"count":0,"href":"https:\/\/kapp-process.com\/index.php?rest_route=\/wp\/v2\/pages\/3127\/revisions"}],"wp:attachment":[{"href":"https:\/\/kapp-process.com\/index.php?rest_route=%2Fwp%2Fv2%2Fmedia&parent=3127"}],"curies":[{"name":"wp","href":"https:\/\/api.w.org\/{rel}","templated":true}]}}